{"id":603,"date":"2021-01-22T14:35:01","date_gmt":"2021-01-22T13:35:01","guid":{"rendered":"http:\/\/www.grad.hr\/latom\/?page_id=603"},"modified":"2022-02-23T09:44:54","modified_gmt":"2022-02-23T08:44:54","slug":"projekti","status":"publish","type":"page","link":"https:\/\/www.grad.hr\/latom\/index.php\/hr\/projekti\/","title":{"rendered":"Projekti"},"content":{"rendered":"\n<div class=\"wp-block-columns\">\n<div class=\"wp-block-column\" style=\"flex-basis:66.66%\">\n<p><strong><a href=\"http:\/\/www.grad.hr\/latom\/index.php\/alternativna-veza-za-beton-razumijevanje-mikrostrukture-za-predvidanje-trajnosti\/\">ALTERNATIVNA VEZIVA ZA BETON (ABC): Razumijevanje mikrostrukture za predvi\u0111anje trajnosti<\/a><\/strong><\/p>\n\n\n\n<p><strong><strong>Agencija za financiranje:<\/strong> <\/strong>Hrvatska zaklada za znanost<br><strong><strong>Oznaka projekta:<\/strong> <\/strong>Istra\u017eiva\u010dki projekt UIP-05-2017-4767<br><strong><strong>Trajanje projekta:<\/strong> <\/strong>travanj 2019. &#8211; o\u017eujak 2024<\/p>\n<\/div>\n\n\n\n<div class=\"wp-block-column\" style=\"flex-basis:33.33%\">\n<div class=\"wp-block-image\"><figure class=\"aligncenter size-large is-resized\"><img loading=\"lazy\" src=\"http:\/\/www.grad.hr\/latom\/wp-content\/uploads\/2020\/03\/HRZZ-eng-1.jpg\" alt=\"\" class=\"wp-image-400\" width=\"142\" height=\"67\" srcset=\"https:\/\/www.grad.hr\/latom\/wp-content\/uploads\/2020\/03\/HRZZ-eng-1.jpg 800w, https:\/\/www.grad.hr\/latom\/wp-content\/uploads\/2020\/03\/HRZZ-eng-1-300x141.jpg 300w, https:\/\/www.grad.hr\/latom\/wp-content\/uploads\/2020\/03\/HRZZ-eng-1-768x362.jpg 768w\" sizes=\"(max-width: 142px) 100vw, 142px\" \/><\/figure><\/div>\n\n\n\n<div class=\"wp-block-image\"><figure class=\"aligncenter size-large\"><img loading=\"lazy\" width=\"107\" height=\"75\" src=\"http:\/\/www.grad.hr\/latom\/wp-content\/uploads\/2020\/03\/ABC_prozirno-2.jpg\" alt=\"\" class=\"wp-image-401\"\/><\/figure><\/div>\n<\/div>\n<\/div>\n\n\n\n<div class=\"wp-block-columns\">\n<div class=\"wp-block-column\" style=\"flex-basis:66.66%\">\n<p><strong><a href=\"http:\/\/www.grad.hr\/latom\/index.php\/napredni-cementni-materijali-s-niskim-udjelom-co2-act\/\">Napredni cementni materijali s niskim udjelom CO\u2082 &#8211; ACT<\/a><\/strong><\/p>\n\n\n\n<p><strong><strong>Projekt financira:<\/strong> <\/strong>Hrvatska zaklada za znanost i \u0160vicarska nacionalna zaklada za znanost<br><strong><strong>U okviru Poziva:<\/strong> <\/strong>\u0160vicarsko-hrvatski program suradnje<br><strong><strong>Trajanje projekta:<\/strong> <\/strong>travanj 2019. &#8211; o\u017eujak 2022<\/p>\n<\/div>\n\n\n\n<div class=\"wp-block-column\" style=\"flex-basis:33.33%\">\n<figure class=\"wp-block-image size-large\"><img loading=\"lazy\" width=\"229\" height=\"110\" src=\"http:\/\/www.grad.hr\/latom\/wp-content\/uploads\/2020\/03\/Swiss-cro-1.png\" alt=\"\" class=\"wp-image-416\"\/><\/figure>\n\n\n\n<figure class=\"wp-block-image size-large\"><img loading=\"lazy\" width=\"1024\" height=\"500\" src=\"http:\/\/www.grad.hr\/latom\/wp-content\/uploads\/2020\/03\/ACT-LOGO-1-1024x500.png\" alt=\"\" class=\"wp-image-417\" srcset=\"https:\/\/www.grad.hr\/latom\/wp-content\/uploads\/2020\/03\/ACT-LOGO-1-1024x500.png 1024w, https:\/\/www.grad.hr\/latom\/wp-content\/uploads\/2020\/03\/ACT-LOGO-1-300x146.png 300w, https:\/\/www.grad.hr\/latom\/wp-content\/uploads\/2020\/03\/ACT-LOGO-1-768x375.png 768w, https:\/\/www.grad.hr\/latom\/wp-content\/uploads\/2020\/03\/ACT-LOGO-1-1536x749.png 1536w, https:\/\/www.grad.hr\/latom\/wp-content\/uploads\/2020\/03\/ACT-LOGO-1-2048x999.png 2048w\" sizes=\"(max-width: 1024px) 100vw, 1024px\" \/><\/figure>\n<\/div>\n<\/div>\n\n\n\n<div class=\"wp-block-columns\">\n<div class=\"wp-block-column\" style=\"flex-basis:66.66%\">\n<p><strong><a href=\"http:\/\/www.grad.hr\/latom\/index.php\/umrezavanje-doktorskih-studija-o-trajnim-pouzdanim-i-odrzivim-konstrukcijama-s-alkalno-aktiviranim-materijalima-dursaam\/\">Umre\u017eavanje za obuku doktoranata o trajnim, pouzdanim i odr\u017eivim konstrukcijama s alkalno aktiviranim materijalima &#8211; DuRSAAM<\/a><\/strong><\/p>\n\n\n\n<p><strong>Projekt financira: <\/strong>Europska komisija<br><strong>U okviru Poziva: <\/strong> ETN DuRSAAM \u2013 H2020-MSCA-ITN-2018-813596<br><strong>Trajanje projekta: <\/strong>studeni 2018. &#8211; listopad 2022<br> <a href=\"http:\/\/www.dursaam.ugent.be\/\">http:\/\/www.dursaam.ugent.be\/<\/a>  <\/p>\n<\/div>\n\n\n\n<div class=\"wp-block-column\" style=\"flex-basis:33.33%\">\n<div class=\"wp-block-image\"><figure class=\"aligncenter size-large\"><img loading=\"lazy\" width=\"91\" height=\"50\" src=\"http:\/\/www.grad.hr\/latom\/wp-content\/uploads\/2020\/03\/Logo-eu.png\" alt=\"\" class=\"wp-image-407\"\/><\/figure><\/div>\n\n\n\n<figure class=\"wp-block-image size-large\"><img loading=\"lazy\" width=\"234\" height=\"50\" src=\"http:\/\/www.grad.hr\/latom\/wp-content\/uploads\/2020\/03\/Logo-eu-dursaam.png\" alt=\"\" class=\"wp-image-408\"\/><\/figure>\n<\/div>\n<\/div>\n\n\n\n<div class=\"wp-block-columns\">\n<div class=\"wp-block-column\" style=\"flex-basis:66.66%\">\n<p><strong><a href=\"http:\/\/www.grad.hr\/latom\/index.php\/razvoj-novog-inovativnog-projekta-eco%e2%82%82flex\/\">Razvoj novog inovativnog projekta ECO\u2082Flex<\/a><\/strong><\/p>\n\n\n\n<p><strong>Projekt financira:<\/strong> Europski fond za regionalni razvoj (ERDF)<br><strong>U okviru Poziva:<\/strong> EFRR IRI II &#8211; KK.01.2.1.02.004<br><strong>Trajanje projekta:<\/strong> Kolovoz 2020 &#8211; Kolovoz 2023<\/p>\n<\/div>\n\n\n\n<div class=\"wp-block-column\" style=\"flex-basis:33.33%\">\n<figure class=\"wp-block-image size-large is-resized\"><img loading=\"lazy\" src=\"http:\/\/www.grad.hr\/latom\/wp-content\/uploads\/2021\/01\/EcoFlex-logo-1.jpg\" alt=\"\" class=\"wp-image-483\" width=\"183\" height=\"78\"\/><\/figure>\n\n\n\n<div class=\"wp-block-image\"><figure class=\"aligncenter size-large\"><img loading=\"lazy\" width=\"91\" height=\"50\" src=\"http:\/\/www.grad.hr\/latom\/wp-content\/uploads\/2020\/04\/Logo-eu.png\" alt=\"\" class=\"wp-image-426\"\/><\/figure><\/div>\n<\/div>\n<\/div>\n","protected":false},"excerpt":{"rendered":"<p>ALTERNATIVNA VEZIVA ZA BETON (ABC): Razumijevanje mikrostrukture za predvi\u0111anje trajnosti Agencija za financiranje: Hrvatska zaklada za znanostOznaka projekta: Istra\u017eiva\u010dki projekt UIP-05-2017-4767Trajanje projekta: travanj 2019. &#8211; o\u017eujak 2024 Napredni cementni materijali s niskim udjelom CO\u2082 &#8211; ACT Projekt financira: Hrvatska zaklada za znanost i \u0160vicarska nacionalna zaklada za znanostU okviru Poziva: \u0160vicarsko-hrvatski program suradnjeTrajanje projekta: travanj [&hellip;]<\/p>\n","protected":false},"author":1,"featured_media":0,"parent":0,"menu_order":0,"comment_status":"closed","ping_status":"closed","template":"","meta":[],"yoast_head":"<!-- This site is optimized with the Yoast SEO plugin v15.9 - https:\/\/yoast.com\/wordpress\/plugins\/seo\/ -->\n<title>Projekti - LATOM<\/title>\n<meta name=\"robots\" content=\"index, follow, max-snippet:-1, max-image-preview:large, max-video-preview:-1\" \/>\n<link rel=\"canonical\" href=\"https:\/\/www.grad.hr\/latom\/index.php\/hr\/projekti\/\" \/>\n<meta property=\"og:locale\" content=\"en_US\" \/>\n<meta property=\"og:type\" content=\"article\" \/>\n<meta property=\"og:title\" content=\"Projekti - LATOM\" \/>\n<meta property=\"og:description\" content=\"ALTERNATIVNA VEZIVA ZA BETON (ABC): Razumijevanje mikrostrukture za predvi\u0111anje trajnosti Agencija za financiranje: Hrvatska zaklada za znanostOznaka projekta: Istra\u017eiva\u010dki projekt UIP-05-2017-4767Trajanje projekta: travanj 2019. &#8211; o\u017eujak 2024 Napredni cementni materijali s niskim udjelom CO\u2082 &#8211; ACT Projekt financira: Hrvatska zaklada za znanost i \u0160vicarska nacionalna zaklada za znanostU okviru Poziva: \u0160vicarsko-hrvatski program suradnjeTrajanje projekta: travanj [&hellip;]\" \/>\n<meta property=\"og:url\" content=\"https:\/\/www.grad.hr\/latom\/index.php\/hr\/projekti\/\" \/>\n<meta property=\"og:site_name\" content=\"LATOM\" \/>\n<meta property=\"article:modified_time\" content=\"2022-02-23T08:44:54+00:00\" \/>\n<meta property=\"og:image\" content=\"http:\/\/www.grad.hr\/latom\/wp-content\/uploads\/2020\/03\/HRZZ-eng-1.jpg\" \/>\n<meta name=\"twitter:card\" content=\"summary_large_image\" \/>\n<meta name=\"twitter:label1\" content=\"Est. reading time\">\n\t<meta name=\"twitter:data1\" content=\"1 minute\">\n<script type=\"application\/ld+json\" class=\"yoast-schema-graph\">{\"@context\":\"https:\/\/schema.org\",\"@graph\":[{\"@type\":\"WebSite\",\"@id\":\"http:\/\/www.grad.hr\/latom\/#website\",\"url\":\"http:\/\/www.grad.hr\/latom\/\",\"name\":\"LATOM\",\"description\":\"Laboratory for advanced testing of materials\",\"potentialAction\":[{\"@type\":\"SearchAction\",\"target\":\"http:\/\/www.grad.hr\/latom\/?s={search_term_string}\",\"query-input\":\"required name=search_term_string\"}],\"inLanguage\":\"en-US\"},{\"@type\":\"ImageObject\",\"@id\":\"https:\/\/www.grad.hr\/latom\/index.php\/hr\/projekti\/#primaryimage\",\"inLanguage\":\"en-US\",\"url\":\"http:\/\/www.grad.hr\/latom\/wp-content\/uploads\/2020\/03\/HRZZ-eng-1.jpg\"},{\"@type\":\"WebPage\",\"@id\":\"https:\/\/www.grad.hr\/latom\/index.php\/hr\/projekti\/#webpage\",\"url\":\"https:\/\/www.grad.hr\/latom\/index.php\/hr\/projekti\/\",\"name\":\"Projekti - LATOM\",\"isPartOf\":{\"@id\":\"http:\/\/www.grad.hr\/latom\/#website\"},\"primaryImageOfPage\":{\"@id\":\"https:\/\/www.grad.hr\/latom\/index.php\/hr\/projekti\/#primaryimage\"},\"datePublished\":\"2021-01-22T13:35:01+00:00\",\"dateModified\":\"2022-02-23T08:44:54+00:00\",\"breadcrumb\":{\"@id\":\"https:\/\/www.grad.hr\/latom\/index.php\/hr\/projekti\/#breadcrumb\"},\"inLanguage\":\"en-US\",\"potentialAction\":[{\"@type\":\"ReadAction\",\"target\":[\"https:\/\/www.grad.hr\/latom\/index.php\/hr\/projekti\/\"]}]},{\"@type\":\"BreadcrumbList\",\"@id\":\"https:\/\/www.grad.hr\/latom\/index.php\/hr\/projekti\/#breadcrumb\",\"itemListElement\":[{\"@type\":\"ListItem\",\"position\":1,\"item\":{\"@type\":\"WebPage\",\"@id\":\"http:\/\/www.grad.hr\/latom\/\",\"url\":\"http:\/\/www.grad.hr\/latom\/\",\"name\":\"Home\"}},{\"@type\":\"ListItem\",\"position\":2,\"item\":{\"@type\":\"WebPage\",\"@id\":\"https:\/\/www.grad.hr\/latom\/index.php\/hr\/projekti\/\",\"url\":\"https:\/\/www.grad.hr\/latom\/index.php\/hr\/projekti\/\",\"name\":\"Projekti\"}}]}]}<\/script>\n<!-- \/ Yoast SEO plugin. -->","_links":{"self":[{"href":"https:\/\/www.grad.hr\/latom\/index.php\/wp-json\/wp\/v2\/pages\/603"}],"collection":[{"href":"https:\/\/www.grad.hr\/latom\/index.php\/wp-json\/wp\/v2\/pages"}],"about":[{"href":"https:\/\/www.grad.hr\/latom\/index.php\/wp-json\/wp\/v2\/types\/page"}],"author":[{"embeddable":true,"href":"https:\/\/www.grad.hr\/latom\/index.php\/wp-json\/wp\/v2\/users\/1"}],"replies":[{"embeddable":true,"href":"https:\/\/www.grad.hr\/latom\/index.php\/wp-json\/wp\/v2\/comments?post=603"}],"version-history":[{"count":2,"href":"https:\/\/www.grad.hr\/latom\/index.php\/wp-json\/wp\/v2\/pages\/603\/revisions"}],"predecessor-version":[{"id":608,"href":"https:\/\/www.grad.hr\/latom\/index.php\/wp-json\/wp\/v2\/pages\/603\/revisions\/608"}],"wp:attachment":[{"href":"https:\/\/www.grad.hr\/latom\/index.php\/wp-json\/wp\/v2\/media?parent=603"}],"curies":[{"name":"wp","href":"https:\/\/api.w.org\/{rel}","templated":true}]}}