{"id":611,"date":"2021-01-22T14:51:54","date_gmt":"2021-01-22T13:51:54","guid":{"rendered":"http:\/\/www.grad.hr\/latom\/?page_id=611"},"modified":"2024-02-13T13:11:42","modified_gmt":"2024-02-13T12:11:42","slug":"oprema-2","status":"publish","type":"page","link":"https:\/\/www.grad.hr\/latom\/index.php\/hr\/oprema-2\/","title":{"rendered":"Oprema"},"content":{"rendered":"\n<div class=\"wp-block-columns\">\n<div class=\"wp-block-column\" style=\"flex-basis:33.33%\">\n<figure class=\"wp-block-image size-large is-resized\"><img loading=\"lazy\" src=\"http:\/\/www.grad.hr\/latom\/wp-content\/uploads\/2021\/01\/Porozimetar-768x1024.jpg\" alt=\"\" class=\"wp-image-503\" width=\"171\" height=\"227\" srcset=\"https:\/\/www.grad.hr\/latom\/wp-content\/uploads\/2021\/01\/Porozimetar-768x1024.jpg 768w, https:\/\/www.grad.hr\/latom\/wp-content\/uploads\/2021\/01\/Porozimetar-225x300.jpg 225w, https:\/\/www.grad.hr\/latom\/wp-content\/uploads\/2021\/01\/Porozimetar-1152x1536.jpg 1152w, https:\/\/www.grad.hr\/latom\/wp-content\/uploads\/2021\/01\/Porozimetar-1536x2048.jpg 1536w, https:\/\/www.grad.hr\/latom\/wp-content\/uploads\/2021\/01\/Porozimetar-scaled.jpg 1920w\" sizes=\"(max-width: 171px) 100vw, 171px\" \/><\/figure>\n<\/div>\n\n\n\n<div class=\"wp-block-column\" style=\"flex-basis:66.66%\">\n<p><strong><a href=\"http:\/\/www.grad.hr\/latom\/index.php\/hr\/oprema-2\/zivin-porozimetar\/\">\u017divin porozimetar<\/a><\/strong> koristi se za mjerenje poroznosti i raspodjele veli\u010dina pora cementnog materijala. To je brza metoda koja omogu\u0107uje dobivanje podataka o strukturi pora. \u017divinom porozimetrijom mo\u017ee se izmjeriti promjer pora, koji varira od 0,001 \u00b5m do 1000 \u00b5m, ovisno o tlaku koji se koristi za ubrizgavanje \u017eive.<\/p>\n<\/div>\n<\/div>\n\n\n\n<div class=\"wp-block-columns\">\n<div class=\"wp-block-column\" style=\"flex-basis:33.33%\">\n<figure class=\"wp-block-image size-large is-resized\"><img loading=\"lazy\" src=\"http:\/\/www.grad.hr\/latom\/wp-content\/uploads\/2024\/02\/IMG_20191205_110726.jpg\" alt=\"TGA\" class=\"wp-image-980\" width=\"184\" height=\"207\"\/><figcaption>TGA cementitious materials<\/figcaption><\/figure>\n<\/div>\n\n\n\n<div class=\"wp-block-column\" style=\"flex-basis:66.66%\">\n<p><strong><a href=\"http:\/\/www.grad.hr\/latom\/index.php\/hr\/oprema-2\/termogravimetrijska-analiza-tga\/\">Termogravimetrijska analiza (TGA)<\/a><\/strong> analiti\u010dka je tehnika koja se koristi za odre\u0111ivanje toplinske stabilnosti materijala i njegovog udjela hlapivih komponenata pra\u0107enjem promjene te\u017eine koja se doga\u0111a kada se uzorak zagrijava konstantnom brzinom. TGA se obi\u010dno koristi u istra\u017eivanjima i ispitivanjima kako bi se utvrdile karakteristike materijala, utvrdila brzina razgradnje, sadr\u017eaj apsorbirane vlage u materijalima, koli\u010dina anorganskih i organskih komponenata u materijalima ili kinetika reakcije na temelju promjena te\u017eine.<\/p>\n<\/div>\n<\/div>\n\n\n\n<div class=\"wp-block-columns\">\n<div class=\"wp-block-column\" style=\"flex-basis:33.33%\">\n<figure class=\"wp-block-image size-large\"><img loading=\"lazy\" width=\"577\" height=\"1024\" src=\"https:\/\/www.grad.hr\/latom\/wp-content\/uploads\/2024\/02\/TAM-Air-577x1024.jpg\" alt=\"\" class=\"wp-image-982\" srcset=\"https:\/\/www.grad.hr\/latom\/wp-content\/uploads\/2024\/02\/TAM-Air-577x1024.jpg 577w, https:\/\/www.grad.hr\/latom\/wp-content\/uploads\/2024\/02\/TAM-Air-169x300.jpg 169w, https:\/\/www.grad.hr\/latom\/wp-content\/uploads\/2024\/02\/TAM-Air-768x1363.jpg 768w, https:\/\/www.grad.hr\/latom\/wp-content\/uploads\/2024\/02\/TAM-Air.jpg 782w\" sizes=\"(max-width: 577px) 100vw, 577px\" \/><\/figure>\n<\/div>\n\n\n\n<div class=\"wp-block-column\" style=\"flex-basis:66.66%\">\n<p><strong><a href=\"http:\/\/www.grad.hr\/latom\/index.php\/hr\/oprema-2\/termometrijski-kalorimetar-tam-air\/\">Kalorimetrija TAM Air<\/a><\/strong> je termostat na bazi zraka, koji koristi toplinski spremnik za odvo\u0111enje topline od uzorka i u\u010dinkovito minimiziranje utjecaja vanjske temperature. U\u010dinkovit je alat za prou\u010davanje faza povezane s hidratacijom cementnih pasta ili \u017ebuka pri konstantnoj temperaturi. Ure\u0111aj kontinuirano mjeri i prikazuje protok topline povezan s reakcijama hidratacije koje se odvijaju u cementnoj pasti nakon mije\u0161anja.<\/p>\n<\/div>\n<\/div>\n\n\n\n<div class=\"wp-block-columns\">\n<div class=\"wp-block-column\" style=\"flex-basis:33.33%\">\n<figure class=\"wp-block-image size-large is-resized\"><img loading=\"lazy\" src=\"http:\/\/www.grad.hr\/latom\/wp-content\/uploads\/2022\/03\/Klimakomora.jpg\" alt=\"\" class=\"wp-image-807\" width=\"217\" height=\"244\"\/><\/figure>\n<\/div>\n\n\n\n<div class=\"wp-block-column\" style=\"flex-basis:66.66%\">\n<p><strong><a href=\"http:\/\/www.grad.hr\/latom\/index.php\/hr\/klimakomora-za-karbonatizaciju\/\">Klimakomora za karbonatizaciju<\/a><\/strong> koristi se kako bi se utvrdilo koje karakteristike beton mora imati da bi se karbonatizacija svela na najmanju mogu\u0107u mjeru. Standardne betonske konstrukcije moraju imati uporabni vijek najmanje 50 godina. Korozija \u010deli\u010dne armature u betonu uzrokovana izlaganjem CO2 mo\u017ee skratiti vijek trajanja. <\/p>\n<\/div>\n<\/div>\n\n\n\n<div class=\"wp-block-columns\">\n<div class=\"wp-block-column\" style=\"flex-basis:33.33%\"><\/div>\n\n\n\n<div class=\"wp-block-column\" style=\"flex-basis:66.66%\"><\/div>\n<\/div>\n\n\n\n<div class=\"wp-block-columns\">\n<div class=\"wp-block-column\" style=\"flex-basis:33.33%\">\n<figure class=\"wp-block-image size-large is-resized\"><img loading=\"lazy\" src=\"http:\/\/www.grad.hr\/latom\/wp-content\/uploads\/2022\/03\/Automatic-vicat-needle.png\" alt=\"\" class=\"wp-image-824\" width=\"204\" height=\"204\" srcset=\"https:\/\/www.grad.hr\/latom\/wp-content\/uploads\/2022\/03\/Automatic-vicat-needle.png 500w, https:\/\/www.grad.hr\/latom\/wp-content\/uploads\/2022\/03\/Automatic-vicat-needle-300x300.png 300w, https:\/\/www.grad.hr\/latom\/wp-content\/uploads\/2022\/03\/Automatic-vicat-needle-150x150.png 150w, https:\/\/www.grad.hr\/latom\/wp-content\/uploads\/2022\/03\/Automatic-vicat-needle-60x60.png 60w\" sizes=\"(max-width: 204px) 100vw, 204px\" \/><\/figure>\n<\/div>\n\n\n\n<div class=\"wp-block-column\" style=\"flex-basis:66.66%\">\n<p><strong><a href=\"http:\/\/www.grad.hr\/latom\/index.php\/hr\/uredaj-za-automatsko-ispitivanje-vremena-vezivanja\/\">Ure\u0111aj za automatsko ispitivanje vremena vezivanja<\/a><\/strong> pru\u017ea dvije ili jednu mjernu stanicu za odre\u0111ivanje karakteristika vezanja vezivnih materijala, za sljede\u0107e stavke:<\/p>\n\n\n\n<ul><li>Cement prema EN 196 i ASTM C 191<\/li><li>Gips prema EN 13279 i ASTM C 472<\/li><li>Mort prema EN 480 i ASTM C 807<\/li><\/ul>\n<\/div>\n<\/div>\n\n\n\n<div class=\"wp-block-columns\">\n<div class=\"wp-block-column\" style=\"flex-basis:33.33%\">\n<figure class=\"wp-block-image size-large\"><img loading=\"lazy\" width=\"948\" height=\"1024\" src=\"http:\/\/www.grad.hr\/latom\/wp-content\/uploads\/2022\/03\/Autoimatic_Blaine-948x1024.jpg\" alt=\"\" class=\"wp-image-832\" srcset=\"https:\/\/www.grad.hr\/latom\/wp-content\/uploads\/2022\/03\/Autoimatic_Blaine-948x1024.jpg 948w, https:\/\/www.grad.hr\/latom\/wp-content\/uploads\/2022\/03\/Autoimatic_Blaine-278x300.jpg 278w, https:\/\/www.grad.hr\/latom\/wp-content\/uploads\/2022\/03\/Autoimatic_Blaine-768x829.jpg 768w, https:\/\/www.grad.hr\/latom\/wp-content\/uploads\/2022\/03\/Autoimatic_Blaine.jpg 990w\" sizes=\"(max-width: 948px) 100vw, 948px\" \/><\/figure>\n<\/div>\n\n\n\n<div class=\"wp-block-column\" style=\"flex-basis:66.66%\">\n<p><strong><a href=\"http:\/\/www.grad.hr\/latom\/index.php\/hr\/blain-uredaj-za-mjerenje-propusnosti-zraka\/\">Blaine ure\u0111aj za mjerenje propusnosti zraka<\/a> <\/strong>provodi ispitivanje za odre\u0111ivanje fino\u0107e cementa, vapna i sli\u010dnih prahova izra\u017eenih u smislu njihove specifi\u010dne povr\u0161ine. Fino\u0107a cementa mo\u017ee se automatski izmjeriti kao specifi\u010dna povr\u0161ina promatranjem vremena potrebnog za protok fiksne koli\u010dine zraka kroz zbijeni cementni sloj odre\u0111enih dimenzija i poroznosti. <\/p>\n<\/div>\n<\/div>\n","protected":false},"excerpt":{"rendered":"<p>\u017divin porozimetar koristi se za mjerenje poroznosti i raspodjele veli\u010dina pora cementnog materijala. To je brza metoda koja omogu\u0107uje dobivanje podataka o strukturi pora. \u017divinom porozimetrijom mo\u017ee se izmjeriti promjer pora, koji varira od 0,001 \u00b5m do 1000 \u00b5m, ovisno o tlaku koji se koristi za ubrizgavanje \u017eive. Termogravimetrijska analiza (TGA) analiti\u010dka je tehnika koja [&hellip;]<\/p>\n","protected":false},"author":1,"featured_media":0,"parent":0,"menu_order":0,"comment_status":"closed","ping_status":"closed","template":"","meta":[],"yoast_head":"<!-- This site is optimized with the Yoast SEO plugin v15.9 - https:\/\/yoast.com\/wordpress\/plugins\/seo\/ -->\n<title>Oprema - LATOM<\/title>\n<meta name=\"robots\" content=\"index, follow, max-snippet:-1, max-image-preview:large, max-video-preview:-1\" \/>\n<link rel=\"canonical\" href=\"https:\/\/www.grad.hr\/latom\/index.php\/hr\/oprema-2\/\" \/>\n<meta property=\"og:locale\" content=\"en_US\" \/>\n<meta property=\"og:type\" content=\"article\" \/>\n<meta property=\"og:title\" content=\"Oprema - LATOM\" \/>\n<meta property=\"og:description\" content=\"\u017divin porozimetar koristi se za mjerenje poroznosti i raspodjele veli\u010dina pora cementnog materijala. To je brza metoda koja omogu\u0107uje dobivanje podataka o strukturi pora. \u017divinom porozimetrijom mo\u017ee se izmjeriti promjer pora, koji varira od 0,001 \u00b5m do 1000 \u00b5m, ovisno o tlaku koji se koristi za ubrizgavanje \u017eive. Termogravimetrijska analiza (TGA) analiti\u010dka je tehnika koja [&hellip;]\" \/>\n<meta property=\"og:url\" content=\"https:\/\/www.grad.hr\/latom\/index.php\/hr\/oprema-2\/\" \/>\n<meta property=\"og:site_name\" content=\"LATOM\" \/>\n<meta property=\"article:modified_time\" content=\"2024-02-13T12:11:42+00:00\" \/>\n<meta property=\"og:image\" content=\"http:\/\/www.grad.hr\/latom\/wp-content\/uploads\/2021\/01\/Porozimetar-768x1024.jpg\" \/>\n<meta name=\"twitter:card\" content=\"summary_large_image\" \/>\n<meta name=\"twitter:label1\" content=\"Est. reading time\">\n\t<meta name=\"twitter:data1\" content=\"3 minutes\">\n<script type=\"application\/ld+json\" class=\"yoast-schema-graph\">{\"@context\":\"https:\/\/schema.org\",\"@graph\":[{\"@type\":\"WebSite\",\"@id\":\"http:\/\/www.grad.hr\/latom\/#website\",\"url\":\"http:\/\/www.grad.hr\/latom\/\",\"name\":\"LATOM\",\"description\":\"Laboratory for advanced testing of materials\",\"potentialAction\":[{\"@type\":\"SearchAction\",\"target\":\"http:\/\/www.grad.hr\/latom\/?s={search_term_string}\",\"query-input\":\"required name=search_term_string\"}],\"inLanguage\":\"en-US\"},{\"@type\":\"ImageObject\",\"@id\":\"https:\/\/www.grad.hr\/latom\/index.php\/hr\/oprema-2\/#primaryimage\",\"inLanguage\":\"en-US\",\"url\":\"http:\/\/www.grad.hr\/latom\/wp-content\/uploads\/2021\/01\/Porozimetar-768x1024.jpg\"},{\"@type\":\"WebPage\",\"@id\":\"https:\/\/www.grad.hr\/latom\/index.php\/hr\/oprema-2\/#webpage\",\"url\":\"https:\/\/www.grad.hr\/latom\/index.php\/hr\/oprema-2\/\",\"name\":\"Oprema - LATOM\",\"isPartOf\":{\"@id\":\"http:\/\/www.grad.hr\/latom\/#website\"},\"primaryImageOfPage\":{\"@id\":\"https:\/\/www.grad.hr\/latom\/index.php\/hr\/oprema-2\/#primaryimage\"},\"datePublished\":\"2021-01-22T13:51:54+00:00\",\"dateModified\":\"2024-02-13T12:11:42+00:00\",\"breadcrumb\":{\"@id\":\"https:\/\/www.grad.hr\/latom\/index.php\/hr\/oprema-2\/#breadcrumb\"},\"inLanguage\":\"en-US\",\"potentialAction\":[{\"@type\":\"ReadAction\",\"target\":[\"https:\/\/www.grad.hr\/latom\/index.php\/hr\/oprema-2\/\"]}]},{\"@type\":\"BreadcrumbList\",\"@id\":\"https:\/\/www.grad.hr\/latom\/index.php\/hr\/oprema-2\/#breadcrumb\",\"itemListElement\":[{\"@type\":\"ListItem\",\"position\":1,\"item\":{\"@type\":\"WebPage\",\"@id\":\"http:\/\/www.grad.hr\/latom\/\",\"url\":\"http:\/\/www.grad.hr\/latom\/\",\"name\":\"Home\"}},{\"@type\":\"ListItem\",\"position\":2,\"item\":{\"@type\":\"WebPage\",\"@id\":\"https:\/\/www.grad.hr\/latom\/index.php\/hr\/oprema-2\/\",\"url\":\"https:\/\/www.grad.hr\/latom\/index.php\/hr\/oprema-2\/\",\"name\":\"Oprema\"}}]}]}<\/script>\n<!-- \/ Yoast SEO plugin. -->","_links":{"self":[{"href":"https:\/\/www.grad.hr\/latom\/index.php\/wp-json\/wp\/v2\/pages\/611"}],"collection":[{"href":"https:\/\/www.grad.hr\/latom\/index.php\/wp-json\/wp\/v2\/pages"}],"about":[{"href":"https:\/\/www.grad.hr\/latom\/index.php\/wp-json\/wp\/v2\/types\/page"}],"author":[{"embeddable":true,"href":"https:\/\/www.grad.hr\/latom\/index.php\/wp-json\/wp\/v2\/users\/1"}],"replies":[{"embeddable":true,"href":"https:\/\/www.grad.hr\/latom\/index.php\/wp-json\/wp\/v2\/comments?post=611"}],"version-history":[{"count":6,"href":"https:\/\/www.grad.hr\/latom\/index.php\/wp-json\/wp\/v2\/pages\/611\/revisions"}],"predecessor-version":[{"id":986,"href":"https:\/\/www.grad.hr\/latom\/index.php\/wp-json\/wp\/v2\/pages\/611\/revisions\/986"}],"wp:attachment":[{"href":"https:\/\/www.grad.hr\/latom\/index.php\/wp-json\/wp\/v2\/media?parent=611"}],"curies":[{"name":"wp","href":"https:\/\/api.w.org\/{rel}","templated":true}]}}