{"id":827,"date":"2022-03-01T11:59:05","date_gmt":"2022-03-01T10:59:05","guid":{"rendered":"http:\/\/www.grad.hr\/latom\/?page_id=827"},"modified":"2022-03-01T11:59:06","modified_gmt":"2022-03-01T10:59:06","slug":"uredaj-za-automatsko-ispitivanje-vremena-vezivanja","status":"publish","type":"page","link":"https:\/\/www.grad.hr\/latom\/index.php\/hr\/uredaj-za-automatsko-ispitivanje-vremena-vezivanja\/","title":{"rendered":"Ure\u0111aj za automatsko ispitivanje vremena vezivanja"},"content":{"rendered":"\n<div class=\"wp-block-columns\">\n<div class=\"wp-block-column\" style=\"flex-basis:33.33%\">\n<figure class=\"wp-block-image size-large is-resized\"><img loading=\"lazy\" src=\"http:\/\/www.grad.hr\/latom\/wp-content\/uploads\/2022\/03\/Automatic-vicat-needle.png\" alt=\"\" class=\"wp-image-824\" width=\"204\" height=\"204\" srcset=\"https:\/\/www.grad.hr\/latom\/wp-content\/uploads\/2022\/03\/Automatic-vicat-needle.png 500w, https:\/\/www.grad.hr\/latom\/wp-content\/uploads\/2022\/03\/Automatic-vicat-needle-300x300.png 300w, https:\/\/www.grad.hr\/latom\/wp-content\/uploads\/2022\/03\/Automatic-vicat-needle-150x150.png 150w, https:\/\/www.grad.hr\/latom\/wp-content\/uploads\/2022\/03\/Automatic-vicat-needle-60x60.png 60w\" sizes=\"(max-width: 204px) 100vw, 204px\" \/><\/figure>\n<\/div>\n\n\n\n<div class=\"wp-block-column\" style=\"flex-basis:66.66%\">\n<p><strong>Ure\u0111aj za automatsko ispitivanje vremena vezivanja<\/strong> pru\u017ea dvije ili jednu mjernu stanicu za odre\u0111ivanje karakteristika vezanja vezivnih materijala, za sljede\u0107e stavke:<\/p>\n\n\n\n<ul><li>Cement prema EN 196 i ASTM C 191<\/li><li>Gips prema EN 13279 i ASTM C 472<\/li><li>Mort prema EN 480 i ASTM C 807<\/li><\/ul>\n<\/div>\n<\/div>\n\n\n\n<p>Ure\u0111aj predstavlja kompaktno samostalno rje\u0161enje za automatsko odre\u0111ivanje pona\u0161anja pode\u0161avanja u skladu sa standardima bez potrebe za vanjskom kontrolom temperature.<\/p>\n","protected":false},"excerpt":{"rendered":"<p>Ure\u0111aj za automatsko ispitivanje vremena vezivanja pru\u017ea dvije ili jednu mjernu stanicu za odre\u0111ivanje karakteristika vezanja vezivnih materijala, za sljede\u0107e stavke: Cement prema EN 196 i ASTM C 191 Gips prema EN 13279 i ASTM C 472 Mort prema EN 480 i ASTM C 807 Ure\u0111aj predstavlja kompaktno samostalno rje\u0161enje za automatsko odre\u0111ivanje pona\u0161anja pode\u0161avanja [&hellip;]<\/p>\n","protected":false},"author":1,"featured_media":0,"parent":0,"menu_order":0,"comment_status":"closed","ping_status":"closed","template":"","meta":[],"yoast_head":"<!-- This site is optimized with the Yoast SEO plugin v15.9 - https:\/\/yoast.com\/wordpress\/plugins\/seo\/ -->\n<title>Ure\u0111aj za automatsko ispitivanje vremena vezivanja - LATOM<\/title>\n<meta name=\"robots\" content=\"index, follow, max-snippet:-1, max-image-preview:large, max-video-preview:-1\" \/>\n<link rel=\"canonical\" href=\"http:\/\/www.grad.hr\/latom\/index.php\/hr\/uredaj-za-automatsko-ispitivanje-vremena-vezivanja\/\" \/>\n<meta property=\"og:locale\" content=\"en_US\" \/>\n<meta property=\"og:type\" content=\"article\" \/>\n<meta property=\"og:title\" content=\"Ure\u0111aj za automatsko ispitivanje vremena vezivanja - LATOM\" \/>\n<meta property=\"og:description\" content=\"Ure\u0111aj za automatsko ispitivanje vremena vezivanja pru\u017ea dvije ili jednu mjernu stanicu za odre\u0111ivanje karakteristika vezanja vezivnih materijala, za sljede\u0107e stavke: Cement prema EN 196 i ASTM C 191 Gips prema EN 13279 i ASTM C 472 Mort prema EN 480 i ASTM C 807 Ure\u0111aj predstavlja kompaktno samostalno rje\u0161enje za automatsko odre\u0111ivanje pona\u0161anja pode\u0161avanja [&hellip;]\" \/>\n<meta property=\"og:url\" content=\"http:\/\/www.grad.hr\/latom\/index.php\/hr\/uredaj-za-automatsko-ispitivanje-vremena-vezivanja\/\" \/>\n<meta property=\"og:site_name\" content=\"LATOM\" \/>\n<meta property=\"article:modified_time\" content=\"2022-03-01T10:59:06+00:00\" \/>\n<meta property=\"og:image\" content=\"http:\/\/www.grad.hr\/latom\/wp-content\/uploads\/2022\/03\/Automatic-vicat-needle.png\" \/>\n<meta name=\"twitter:card\" content=\"summary_large_image\" \/>\n<meta name=\"twitter:label1\" content=\"Est. reading time\">\n\t<meta name=\"twitter:data1\" content=\"1 minute\">\n<script type=\"application\/ld+json\" class=\"yoast-schema-graph\">{\"@context\":\"https:\/\/schema.org\",\"@graph\":[{\"@type\":\"WebSite\",\"@id\":\"http:\/\/www.grad.hr\/latom\/#website\",\"url\":\"http:\/\/www.grad.hr\/latom\/\",\"name\":\"LATOM\",\"description\":\"Laboratory for advanced testing of materials\",\"potentialAction\":[{\"@type\":\"SearchAction\",\"target\":\"http:\/\/www.grad.hr\/latom\/?s={search_term_string}\",\"query-input\":\"required name=search_term_string\"}],\"inLanguage\":\"en-US\"},{\"@type\":\"ImageObject\",\"@id\":\"http:\/\/www.grad.hr\/latom\/index.php\/hr\/uredaj-za-automatsko-ispitivanje-vremena-vezivanja\/#primaryimage\",\"inLanguage\":\"en-US\",\"url\":\"http:\/\/www.grad.hr\/latom\/wp-content\/uploads\/2022\/03\/Automatic-vicat-needle.png\"},{\"@type\":\"WebPage\",\"@id\":\"http:\/\/www.grad.hr\/latom\/index.php\/hr\/uredaj-za-automatsko-ispitivanje-vremena-vezivanja\/#webpage\",\"url\":\"http:\/\/www.grad.hr\/latom\/index.php\/hr\/uredaj-za-automatsko-ispitivanje-vremena-vezivanja\/\",\"name\":\"Ure\\u0111aj za automatsko ispitivanje vremena vezivanja - LATOM\",\"isPartOf\":{\"@id\":\"http:\/\/www.grad.hr\/latom\/#website\"},\"primaryImageOfPage\":{\"@id\":\"http:\/\/www.grad.hr\/latom\/index.php\/hr\/uredaj-za-automatsko-ispitivanje-vremena-vezivanja\/#primaryimage\"},\"datePublished\":\"2022-03-01T10:59:05+00:00\",\"dateModified\":\"2022-03-01T10:59:06+00:00\",\"breadcrumb\":{\"@id\":\"http:\/\/www.grad.hr\/latom\/index.php\/hr\/uredaj-za-automatsko-ispitivanje-vremena-vezivanja\/#breadcrumb\"},\"inLanguage\":\"en-US\",\"potentialAction\":[{\"@type\":\"ReadAction\",\"target\":[\"http:\/\/www.grad.hr\/latom\/index.php\/hr\/uredaj-za-automatsko-ispitivanje-vremena-vezivanja\/\"]}]},{\"@type\":\"BreadcrumbList\",\"@id\":\"http:\/\/www.grad.hr\/latom\/index.php\/hr\/uredaj-za-automatsko-ispitivanje-vremena-vezivanja\/#breadcrumb\",\"itemListElement\":[{\"@type\":\"ListItem\",\"position\":1,\"item\":{\"@type\":\"WebPage\",\"@id\":\"http:\/\/www.grad.hr\/latom\/\",\"url\":\"http:\/\/www.grad.hr\/latom\/\",\"name\":\"Home\"}},{\"@type\":\"ListItem\",\"position\":2,\"item\":{\"@type\":\"WebPage\",\"@id\":\"http:\/\/www.grad.hr\/latom\/index.php\/hr\/uredaj-za-automatsko-ispitivanje-vremena-vezivanja\/\",\"url\":\"http:\/\/www.grad.hr\/latom\/index.php\/hr\/uredaj-za-automatsko-ispitivanje-vremena-vezivanja\/\",\"name\":\"Ure\\u0111aj za automatsko ispitivanje vremena vezivanja\"}}]}]}<\/script>\n<!-- \/ Yoast SEO plugin. -->","_links":{"self":[{"href":"https:\/\/www.grad.hr\/latom\/index.php\/wp-json\/wp\/v2\/pages\/827"}],"collection":[{"href":"https:\/\/www.grad.hr\/latom\/index.php\/wp-json\/wp\/v2\/pages"}],"about":[{"href":"https:\/\/www.grad.hr\/latom\/index.php\/wp-json\/wp\/v2\/types\/page"}],"author":[{"embeddable":true,"href":"https:\/\/www.grad.hr\/latom\/index.php\/wp-json\/wp\/v2\/users\/1"}],"replies":[{"embeddable":true,"href":"https:\/\/www.grad.hr\/latom\/index.php\/wp-json\/wp\/v2\/comments?post=827"}],"version-history":[{"count":1,"href":"https:\/\/www.grad.hr\/latom\/index.php\/wp-json\/wp\/v2\/pages\/827\/revisions"}],"predecessor-version":[{"id":829,"href":"https:\/\/www.grad.hr\/latom\/index.php\/wp-json\/wp\/v2\/pages\/827\/revisions\/829"}],"wp:attachment":[{"href":"https:\/\/www.grad.hr\/latom\/index.php\/wp-json\/wp\/v2\/media?parent=827"}],"curies":[{"name":"wp","href":"https:\/\/api.w.org\/{rel}","templated":true}]}}